{"id":232,"date":"2018-08-13T05:47:18","date_gmt":"2018-08-13T05:47:18","guid":{"rendered":"https:\/\/cinnova.org\/cinnova-2\/blog-grid-copy\/"},"modified":"2018-12-19T06:37:01","modified_gmt":"2018-12-19T06:37:01","slug":"blog-grid","status":"publish","type":"page","link":"https:\/\/cinnova.org\/PERU\/blog-grid\/","title":{"rendered":"Blog Grid"},"content":{"rendered":"\t<section  class=\"   gramotech-builder this-section-css-1   \" >\r\n\t\t<div class=\"container\">\t\t\r\n\t\t\t<div class=\"row\">\r\n\t\t\t\t<div class=\"col-md-12 \">\r\n\t\t\t\t\t<div class=\"fw-row\">\n\t<div class=\"fw-col-xs-12 fw-col-sm-12 fw-col-md-12 fw-col-lg-12   \">\n\t\t\t<div class=\"blog-grid\">\r\n\t\t\t<div class=\"row\">\r\n\t\t\t\t\t\t\t\t\t<div class=\"col-md-4 col-sm-6\">\r\n\t\t\t\t\t\t\t<article class=\"post-1553 post type-post status-publish format-standard has-post-thumbnail hentry category-latest-news tag-learning tag-software\">\n\t\t<div class=\"blog-grid-post\">\n\t\t\t<div class=\"post-thumb\">\n\t\t\t\t<a href=\"https:\/\/cinnova.org\/PERU\/develop-a-passion-for-learning-3\/\"><i class=\"fas fa-link\"><\/i><\/a> \n\t\t\t\t<img width=\"390\" height=\"260\" src=\"https:\/\/cinnova.org\/PERU\/wp-content\/uploads\/sites\/13\/2019\/06\/summer-grads-390x260.jpg\" class=\"attachment-gramotech-post-grid size-gramotech-post-grid wp-post-image\" alt=\"\" loading=\"lazy\" srcset=\"https:\/\/cinnova.org\/PERU\/wp-content\/uploads\/sites\/13\/2019\/06\/summer-grads-390x260.jpg 390w, https:\/\/cinnova.org\/PERU\/wp-content\/uploads\/sites\/13\/2019\/06\/summer-grads-300x200.jpg 300w, https:\/\/cinnova.org\/PERU\/wp-content\/uploads\/sites\/13\/2019\/06\/summer-grads-768x512.jpg 768w, https:\/\/cinnova.org\/PERU\/wp-content\/uploads\/sites\/13\/2019\/06\/summer-grads-1024x683.jpg 1024w, https:\/\/cinnova.org\/PERU\/wp-content\/uploads\/sites\/13\/2019\/06\/summer-grads-600x400.jpg 600w, https:\/\/cinnova.org\/PERU\/wp-content\/uploads\/sites\/13\/2019\/06\/summer-grads.jpg 1600w\" sizes=\"(max-width: 390px) 100vw, 390px\" \/>\t\t\t<\/div>\n\t\t\t<div class=\"post-excerpt\"> <strong class=\"date\">cinnova \/ Jun 26, 2019<\/strong>\n\t\t\t\t<h4> <a href=\"https:\/\/cinnova.org\/PERU\/develop-a-passion-for-learning-3\/\">Maestrias<\/a> <\/h4>\n\t\t\t\t<p> Learning to live, study and work in a thriving business capital is exciting, Duis aute irure dolor in reprehen <\/p>\n\t\t\t\t<a class=\"bd\" href=\"https:\/\/cinnova.org\/PERU\/develop-a-passion-for-learning-3\/\">Read More <i class=\"fas fa-arrow-right\"><\/i><\/a> \n\t\t\t<\/div>\n\t\t\t<ul class=\"post-meta\">\n\t\t\t\t\t\t\t\t\t<li>\n\t\t\t<span class=\"gramotech-wrapper\">\n\t\t\t\t<a href=\"https:\/\/cinnova.org\/PERU\/wp-admin\/admin-ajax.php?action=gramotech_process_simple_like&post_id=1553&nonce=2153a10efb&is_comment=0&disabled=true\" class=\"gramotech-button gramotech-button-1553\" data-nonce=\"2153a10efb\" data-post-id=\"1553\" data-iscomment=\"0\" title=\"Like\">\n\t\t\t\t\t<span class=\"gramotech-icon\"><i class=\"far fa-heart\"><\/i><\/span> <span class=\"gramotech-count\">52<\/span>\n\t\t\t\t<\/a>\n\t\t\t\t<span class=\"gramotech-loader\"><\/span>\n\t\t\t<\/span> Likes<\/li>\n\t\t\t\t\t\t\t\t\t<li><i class=\"far fa-comment\"><\/i> 0 Comments<\/li>\n\t\t\t\t\t\t\t\t\t<li><i class=\"far fa-folder\"><\/i> \n\t\t\t\t\t\t\t\t\t\t\t\t\t<a href=\"https:\/\/cinnova.org\/PERU\/tag\/learning\/\" rel=\"\">Learning<\/a> \t\t\t\t\t\t\t\n\t\t\t\t\t\t\t\t\t\t\t\t<\/li>\n\t\t\t\t\t\t\t\t<\/ul>\n\t\t<\/div>\n\t<\/article>\t\t\t\t\t<\/div>\r\n\t\t\t\t\t\t\t\t\t\t<div class=\"col-md-4 col-sm-6\">\r\n\t\t\t\t\t\t\t<article class=\"post-220 post type-post status-publish format-standard hentry category-blog-posts tag-markup\">\n\t\t<div class=\"blog-grid-post\">\n\t\t\t<div class=\"post-thumb\">\n\t\t\t\t<a href=\"https:\/\/cinnova.org\/PERU\/how-to-stay-motivated-during-exam-season-2\/\"><i class=\"fas fa-link\"><\/i><\/a> \n\t\t\t\t\t\t\t<\/div>\n\t\t\t<div class=\"post-excerpt\"> <strong class=\"date\">cinnova \/ Ago 13, 2018<\/strong>\n\t\t\t\t<h4> <a href=\"https:\/\/cinnova.org\/PERU\/how-to-stay-motivated-during-exam-season-2\/\">How to Stay Motivated During Exam Season<\/a> <\/h4>\n\t\t\t\t<p> Learning to live, study and work in a thriving business capital is exciting, Duis aute irure dolor in reprehen <\/p>\n\t\t\t\t<a class=\"bd\" href=\"https:\/\/cinnova.org\/PERU\/how-to-stay-motivated-during-exam-season-2\/\">Read More <i class=\"fas fa-arrow-right\"><\/i><\/a> \n\t\t\t<\/div>\n\t\t\t<ul class=\"post-meta\">\n\t\t\t\t\t\t\t\t\t<li>\n\t\t\t<span class=\"gramotech-wrapper\">\n\t\t\t\t<a href=\"https:\/\/cinnova.org\/PERU\/wp-admin\/admin-ajax.php?action=gramotech_process_simple_like&post_id=220&nonce=2153a10efb&is_comment=0&disabled=true\" class=\"gramotech-button gramotech-button-220\" data-nonce=\"2153a10efb\" data-post-id=\"220\" data-iscomment=\"0\" title=\"Like\">\n\t\t\t\t\t<span class=\"gramotech-icon\"><i class=\"far fa-heart\"><\/i><\/span> <span class=\"gramotech-count\">47<\/span>\n\t\t\t\t<\/a>\n\t\t\t\t<span class=\"gramotech-loader\"><\/span>\n\t\t\t<\/span> Likes<\/li>\n\t\t\t\t\t\t\t\t\t<li><i class=\"far fa-comment\"><\/i> 0 Comments<\/li>\n\t\t\t\t\t\t\t\t\t<li><i class=\"far fa-folder\"><\/i> \n\t\t\t\t\t\t\t\t\t\t\t\t\t<a href=\"https:\/\/cinnova.org\/PERU\/tag\/markup\/\" rel=\"\">Markup<\/a> \t\t\t\t\t\t\t\n\t\t\t\t\t\t\t\t\t\t\t\t<\/li>\n\t\t\t\t\t\t\t\t<\/ul>\n\t\t<\/div>\n\t<\/article>\t\t\t\t\t<\/div>\r\n\t\t\t\t\t\t\t\t\t\t<div class=\"col-md-4 col-sm-6\">\r\n\t\t\t\t\t\t\t<article class=\"post-217 post type-post status-publish format-standard has-post-thumbnail hentry category-blog-posts tag-learning\">\n\t\t<div class=\"blog-grid-post\">\n\t\t\t<div class=\"post-thumb\">\n\t\t\t\t<a href=\"https:\/\/cinnova.org\/PERU\/online-msc-in-psychology-receives-accreditation\/\"><i class=\"fas fa-link\"><\/i><\/a> \n\t\t\t\t<img width=\"390\" height=\"260\" src=\"https:\/\/cinnova.org\/PERU\/wp-content\/uploads\/sites\/13\/2018\/08\/950x550-390x260.png\" class=\"attachment-gramotech-post-grid size-gramotech-post-grid wp-post-image\" alt=\"\" loading=\"lazy\" \/>\t\t\t<\/div>\n\t\t\t<div class=\"post-excerpt\"> <strong class=\"date\">cinnova \/ Ago 13, 2018<\/strong>\n\t\t\t\t<h4> <a href=\"https:\/\/cinnova.org\/PERU\/online-msc-in-psychology-receives-accreditation\/\">Online MSc in Psychology Receives Accreditation<\/a> <\/h4>\n\t\t\t\t<p> Learning to live, study and work in a thriving business capital is exciting, Duis aute irure dolor in reprehen <\/p>\n\t\t\t\t<a class=\"bd\" href=\"https:\/\/cinnova.org\/PERU\/online-msc-in-psychology-receives-accreditation\/\">Read More <i class=\"fas fa-arrow-right\"><\/i><\/a> \n\t\t\t<\/div>\n\t\t\t<ul class=\"post-meta\">\n\t\t\t\t\t\t\t\t\t<li>\n\t\t\t<span class=\"gramotech-wrapper\">\n\t\t\t\t<a href=\"https:\/\/cinnova.org\/PERU\/wp-admin\/admin-ajax.php?action=gramotech_process_simple_like&post_id=217&nonce=2153a10efb&is_comment=0&disabled=true\" class=\"gramotech-button gramotech-button-217\" data-nonce=\"2153a10efb\" data-post-id=\"217\" data-iscomment=\"0\" title=\"Like\">\n\t\t\t\t\t<span class=\"gramotech-icon\"><i class=\"far fa-heart\"><\/i><\/span> <span class=\"gramotech-count\">47<\/span>\n\t\t\t\t<\/a>\n\t\t\t\t<span class=\"gramotech-loader\"><\/span>\n\t\t\t<\/span> Likes<\/li>\n\t\t\t\t\t\t\t\t\t<li><i class=\"far fa-comment\"><\/i> 0 Comments<\/li>\n\t\t\t\t\t\t\t\t\t<li><i class=\"far fa-folder\"><\/i> \n\t\t\t\t\t\t\t\t\t\t\t\t\t<a href=\"https:\/\/cinnova.org\/PERU\/tag\/learning\/\" rel=\"\">Learning<\/a> \t\t\t\t\t\t\t\n\t\t\t\t\t\t\t\t\t\t\t\t<\/li>\n\t\t\t\t\t\t\t\t<\/ul>\n\t\t<\/div>\n\t<\/article>\t\t\t\t\t<\/div>\r\n\t\t\t\t\t\t\t\t\t\t<div class=\"col-md-4 col-sm-6\">\r\n\t\t\t\t\t\t\t<article class=\"post-218 post type-post status-publish format-standard has-post-thumbnail hentry category-blog-posts tag-markup\">\n\t\t<div class=\"blog-grid-post\">\n\t\t\t<div class=\"post-thumb\">\n\t\t\t\t<a href=\"https:\/\/cinnova.org\/PERU\/how-we-are-preparing-students-for-the-jobs\/\"><i class=\"fas fa-link\"><\/i><\/a> \n\t\t\t\t<img width=\"390\" height=\"260\" src=\"https:\/\/cinnova.org\/PERU\/wp-content\/uploads\/sites\/13\/2018\/08\/950x550-390x260.png\" class=\"attachment-gramotech-post-grid size-gramotech-post-grid wp-post-image\" alt=\"\" loading=\"lazy\" \/>\t\t\t<\/div>\n\t\t\t<div class=\"post-excerpt\"> <strong class=\"date\">cinnova \/ Ago 13, 2018<\/strong>\n\t\t\t\t<h4> <a href=\"https:\/\/cinnova.org\/PERU\/how-we-are-preparing-students-for-the-jobs\/\">How we are preparing students for the jobs<\/a> <\/h4>\n\t\t\t\t<p> Learning to live, study and work in a thriving business capital is exciting, Duis aute irure dolor in reprehen <\/p>\n\t\t\t\t<a class=\"bd\" href=\"https:\/\/cinnova.org\/PERU\/how-we-are-preparing-students-for-the-jobs\/\">Read More <i class=\"fas fa-arrow-right\"><\/i><\/a> \n\t\t\t<\/div>\n\t\t\t<ul class=\"post-meta\">\n\t\t\t\t\t\t\t\t\t<li>\n\t\t\t<span class=\"gramotech-wrapper\">\n\t\t\t\t<a href=\"https:\/\/cinnova.org\/PERU\/wp-admin\/admin-ajax.php?action=gramotech_process_simple_like&post_id=218&nonce=2153a10efb&is_comment=0&disabled=true\" class=\"gramotech-button gramotech-button-218\" data-nonce=\"2153a10efb\" data-post-id=\"218\" data-iscomment=\"0\" title=\"Like\">\n\t\t\t\t\t<span class=\"gramotech-icon\"><i class=\"far fa-heart\"><\/i><\/span> <span class=\"gramotech-count\">42<\/span>\n\t\t\t\t<\/a>\n\t\t\t\t<span class=\"gramotech-loader\"><\/span>\n\t\t\t<\/span> Likes<\/li>\n\t\t\t\t\t\t\t\t\t<li><i class=\"far fa-comment\"><\/i> 0 Comments<\/li>\n\t\t\t\t\t\t\t\t\t<li><i class=\"far fa-folder\"><\/i> \n\t\t\t\t\t\t\t\t\t\t\t\t\t<a href=\"https:\/\/cinnova.org\/PERU\/tag\/markup\/\" rel=\"\">Markup<\/a> \t\t\t\t\t\t\t\n\t\t\t\t\t\t\t\t\t\t\t\t<\/li>\n\t\t\t\t\t\t\t\t<\/ul>\n\t\t<\/div>\n\t<\/article>\t\t\t\t\t<\/div>\r\n\t\t\t\t\t\t\t\t\t\t<div class=\"col-md-4 col-sm-6\">\r\n\t\t\t\t\t\t\t<article class=\"post-219 post type-post status-publish format-standard has-post-thumbnail hentry category-blog-posts tag-software\">\n\t\t<div class=\"blog-grid-post\">\n\t\t\t<div class=\"post-thumb\">\n\t\t\t\t<a href=\"https:\/\/cinnova.org\/PERU\/students-work-together-to-solve-a-problem-3\/\"><i class=\"fas fa-link\"><\/i><\/a> \n\t\t\t\t<img width=\"390\" height=\"260\" src=\"https:\/\/cinnova.org\/PERU\/wp-content\/uploads\/sites\/13\/2018\/08\/950x550-390x260.png\" class=\"attachment-gramotech-post-grid size-gramotech-post-grid wp-post-image\" alt=\"\" loading=\"lazy\" \/>\t\t\t<\/div>\n\t\t\t<div class=\"post-excerpt\"> <strong class=\"date\">cinnova \/ Ago 13, 2018<\/strong>\n\t\t\t\t<h4> <a href=\"https:\/\/cinnova.org\/PERU\/students-work-together-to-solve-a-problem-3\/\">Students work together to solve a problem<\/a> <\/h4>\n\t\t\t\t<p> Learning to live, study and work in a thriving business capital is exciting, Duis aute irure dolor in reprehen <\/p>\n\t\t\t\t<a class=\"bd\" href=\"https:\/\/cinnova.org\/PERU\/students-work-together-to-solve-a-problem-3\/\">Read More <i class=\"fas fa-arrow-right\"><\/i><\/a> \n\t\t\t<\/div>\n\t\t\t<ul class=\"post-meta\">\n\t\t\t\t\t\t\t\t\t<li>\n\t\t\t<span class=\"gramotech-wrapper\">\n\t\t\t\t<a href=\"https:\/\/cinnova.org\/PERU\/wp-admin\/admin-ajax.php?action=gramotech_process_simple_like&post_id=219&nonce=2153a10efb&is_comment=0&disabled=true\" class=\"gramotech-button gramotech-button-219\" data-nonce=\"2153a10efb\" data-post-id=\"219\" data-iscomment=\"0\" title=\"Like\">\n\t\t\t\t\t<span class=\"gramotech-icon\"><i class=\"far fa-heart\"><\/i><\/span> <span class=\"gramotech-count\">43<\/span>\n\t\t\t\t<\/a>\n\t\t\t\t<span class=\"gramotech-loader\"><\/span>\n\t\t\t<\/span> Likes<\/li>\n\t\t\t\t\t\t\t\t\t<li><i class=\"far fa-comment\"><\/i> 0 Comments<\/li>\n\t\t\t\t\t\t\t\t\t<li><i class=\"far fa-folder\"><\/i> \n\t\t\t\t\t\t\t\t\t\t\t\t\t<a href=\"https:\/\/cinnova.org\/PERU\/tag\/software\/\" rel=\"\">Software<\/a> \t\t\t\t\t\t\t\n\t\t\t\t\t\t\t\t\t\t\t\t<\/li>\n\t\t\t\t\t\t\t\t<\/ul>\n\t\t<\/div>\n\t<\/article>\t\t\t\t\t<\/div>\r\n\t\t\t\t\t\t\t\t\t\t<div class=\"col-md-4 col-sm-6\">\r\n\t\t\t\t\t\t\t<article class=\"post-80 post type-post status-publish format-standard has-post-thumbnail hentry category-latest-news tag-learning tag-software\">\n\t\t<div class=\"blog-grid-post\">\n\t\t\t<div class=\"post-thumb\">\n\t\t\t\t<a href=\"https:\/\/cinnova.org\/PERU\/develop-a-passion-for-learning-2\/\"><i class=\"fas fa-link\"><\/i><\/a> \n\t\t\t\t<img width=\"390\" height=\"260\" src=\"https:\/\/cinnova.org\/PERU\/wp-content\/uploads\/sites\/13\/2018\/08\/sustainable-energy-390x260.jpg\" class=\"attachment-gramotech-post-grid size-gramotech-post-grid wp-post-image\" alt=\"\" loading=\"lazy\" srcset=\"https:\/\/cinnova.org\/PERU\/wp-content\/uploads\/sites\/13\/2018\/08\/sustainable-energy-390x260.jpg 390w, https:\/\/cinnova.org\/PERU\/wp-content\/uploads\/sites\/13\/2018\/08\/sustainable-energy-300x200.jpg 300w, https:\/\/cinnova.org\/PERU\/wp-content\/uploads\/sites\/13\/2018\/08\/sustainable-energy-768x511.jpg 768w, https:\/\/cinnova.org\/PERU\/wp-content\/uploads\/sites\/13\/2018\/08\/sustainable-energy-1024x682.jpg 1024w, https:\/\/cinnova.org\/PERU\/wp-content\/uploads\/sites\/13\/2018\/08\/sustainable-energy-600x400.jpg 600w, https:\/\/cinnova.org\/PERU\/wp-content\/uploads\/sites\/13\/2018\/08\/sustainable-energy.jpg 1500w\" sizes=\"(max-width: 390px) 100vw, 390px\" \/>\t\t\t<\/div>\n\t\t\t<div class=\"post-excerpt\"> <strong class=\"date\">cinnova \/ Ago 10, 2018<\/strong>\n\t\t\t\t<h4> <a href=\"https:\/\/cinnova.org\/PERU\/develop-a-passion-for-learning-2\/\">El futuro de las Energias Renovables<\/a> <\/h4>\n\t\t\t\t<p> Fuentes de Energ\u00eda Abundante\r\nInagotables\u00a0a lo largo de nuestra vida, fuentes de las\u00a0energ\u00edas renovables\u00a0 <\/p>\n\t\t\t\t<a class=\"bd\" href=\"https:\/\/cinnova.org\/PERU\/develop-a-passion-for-learning-2\/\">Read More <i class=\"fas fa-arrow-right\"><\/i><\/a> \n\t\t\t<\/div>\n\t\t\t<ul class=\"post-meta\">\n\t\t\t\t\t\t\t\t\t<li>\n\t\t\t<span class=\"gramotech-wrapper\">\n\t\t\t\t<a href=\"https:\/\/cinnova.org\/PERU\/wp-admin\/admin-ajax.php?action=gramotech_process_simple_like&post_id=80&nonce=2153a10efb&is_comment=0&disabled=true\" class=\"gramotech-button gramotech-button-80\" data-nonce=\"2153a10efb\" data-post-id=\"80\" data-iscomment=\"0\" title=\"Like\">\n\t\t\t\t\t<span class=\"gramotech-icon\"><i class=\"far fa-heart\"><\/i><\/span> <span class=\"gramotech-count\">51<\/span>\n\t\t\t\t<\/a>\n\t\t\t\t<span class=\"gramotech-loader\"><\/span>\n\t\t\t<\/span> Likes<\/li>\n\t\t\t\t\t\t\t\t\t<li><i class=\"far fa-comment\"><\/i> 0 Comments<\/li>\n\t\t\t\t\t\t\t\t\t<li><i class=\"far fa-folder\"><\/i> \n\t\t\t\t\t\t\t\t\t\t\t\t\t<a href=\"https:\/\/cinnova.org\/PERU\/tag\/learning\/\" rel=\"\">Learning<\/a> \t\t\t\t\t\t\t\n\t\t\t\t\t\t\t\t\t\t\t\t<\/li>\n\t\t\t\t\t\t\t\t<\/ul>\n\t\t<\/div>\n\t<\/article>\t\t\t\t\t<\/div>\r\n\t\t\t\t\t\t\t\t<\/div>\r\n\t\t\t<div class=\"gramotech-pagination text-center\"><ul class=\"pagination\"><li><span aria-current=\"page\" class=\"page-numbers current\">1<\/span>\n<a class=\"page-numbers\" href=\"https:\/\/cinnova.org\/PERU\/wp-json\/wp\/v2\/pages\/232\/page\/2\/\">2<\/a>\n<a class=\"page-numbers\" href=\"https:\/\/cinnova.org\/PERU\/wp-json\/wp\/v2\/pages\/232\/page\/3\/\">3<\/a>\n<a class=\"next page-numbers\" href=\"https:\/\/cinnova.org\/PERU\/wp-json\/wp\/v2\/pages\/232\/page\/2\/\">Next <i class=\"fa fa-angle-right\"><\/i><\/a><\/li><\/ul><\/div>\t\t<\/div>\r\n\t\t<\/div>\n<\/div>\n\n<div class=\"fw-row\">\n\t<div class=\"fw-col-xs-12 fw-col-sm-12 fw-col-md-12 fw-col-lg-12   \">\n\t\n\t<div class=\"fw-divider-space\" style=\"padding-top: 40px;\"><\/div>\n<\/div>\n<\/div>\n\n\t\t\t\t<\/div>\r\n\t\t\t\t\t\t\t<\/div>\r\n\t\t<\/div>\t\r\n\t<\/section>\n","protected":false},"excerpt":{"rendered":"<p>Fuentes de Energ\u00eda Abundante Inagotables\u00a0a lo largo de nuestra vida, fuentes de las\u00a0energ\u00edas renovables\u00a0son principalmente: Energ\u00eda del Sol\u00a0o solar, Energ\u00eda del Viento\u00a0o e\u00f3lica, Energ\u00eda hidr\u00e1ulica\u00a0o hidroenerg\u00e9tica, Energ\u00eda mareomotriz y undimotriz\u00a0(de los mareas y olas), Energ\u00eda de Biomasa\u00a0y la Energ\u00eda Geot\u00e9rmica. Su disponibilidad es significativamente mayor que la de los hidrocarburos como el petr\u00f3leo, gas, carb\u00f3n &hellip; <\/p>\n","protected":false},"author":1,"featured_media":0,"parent":0,"menu_order":0,"comment_status":"closed","ping_status":"closed","template":"","meta":[],"_links":{"self":[{"href":"https:\/\/cinnova.org\/PERU\/wp-json\/wp\/v2\/pages\/232"}],"collection":[{"href":"https:\/\/cinnova.org\/PERU\/wp-json\/wp\/v2\/pages"}],"about":[{"href":"https:\/\/cinnova.org\/PERU\/wp-json\/wp\/v2\/types\/page"}],"author":[{"embeddable":true,"href":"https:\/\/cinnova.org\/PERU\/wp-json\/wp\/v2\/users\/1"}],"replies":[{"embeddable":true,"href":"https:\/\/cinnova.org\/PERU\/wp-json\/wp\/v2\/comments?post=232"}],"version-history":[{"count":2,"href":"https:\/\/cinnova.org\/PERU\/wp-json\/wp\/v2\/pages\/232\/revisions"}],"predecessor-version":[{"id":1264,"href":"https:\/\/cinnova.org\/PERU\/wp-json\/wp\/v2\/pages\/232\/revisions\/1264"}],"wp:attachment":[{"href":"https:\/\/cinnova.org\/PERU\/wp-json\/wp\/v2\/media?parent=232"}],"curies":[{"name":"wp","href":"https:\/\/api.w.org\/{rel}","templated":true}]}}