{"id":144,"date":"2018-08-11T07:09:32","date_gmt":"2018-08-11T07:09:32","guid":{"rendered":"https:\/\/cinnova.org\/cinnova-2\/?page_id=144"},"modified":"2019-07-11T15:40:20","modified_gmt":"2019-07-11T15:40:20","slug":"cinnova-peru","status":"publish","type":"page","link":"https:\/\/cinnova.org\/PERU\/cinnova-peru\/","title":{"rendered":"CINNOVA PERU"},"content":{"rendered":"\t<section  class=\"   gramotech-builder this-section-css-1   \" >\r\n\t\t<div class=\"container\">\t\t\r\n\t\t\t<div class=\"row\">\r\n\t\t\t\t<div class=\"col-md-12 \">\r\n\t\t\t\t\t<div class=\"fw-row\">\n\t<div class=\"fw-col-xs-12 fw-col-sm-12 fw-col-md-12 fw-col-lg-12   \">\n\t<section class=\" gramotech-builder this-section-css-1 \"><div class=\"container\"><div class=\"row\"><div class=\"col-md-12 \"><div class=\"fw-row\"><div class=\"fw-col-xs-12 fw-col-sm-12 fw-col-md-12 fw-col-lg-12 \"><div class=\"about-wrap\"><div class=\"row\"><div class=\"col-md-7\"><div class=\"abouttxt\"><p>\u201cC-Innova Per\u00fa\"<\/p><h1>El CENTRO PARA LA\u00a0 INNOVACION Y SOSTENIBILIDAD<\/h1><p>El Centro de Innovaci\u00f3n Y Sustantividad \u00a0\u201cCINNOVA\u201d es una organizaci\u00f3n privada sin fines de lucro de alcance global fundada en el a\u00f1o 2018 con el objetivo de promover la sostenibilidad de la vida humana y la protecci\u00f3n de nuestro medio ambiente, mediante el trabajo voluntario de expertos, que permiten llevar a cabo actividades de investigaci\u00f3n e innovaci\u00f3n tecnol\u00f3gica de proyectos socio econ\u00f3micos y programas educativos que impulsen el desarrollo sostenible de nuestros pueblos.<\/p><p>Trabajamos fortaleciendo a las comunidades m\u00e1s vulnerables en \u00a0Latinoam\u00e9rica, \u00c1frica y el Asia pacifico.<\/p><p>&nbsp;<\/p><p>\u201cNo podemos lograr un desarrollo sostenible sin abordar el cambio clim\u00e1tico, y no podemos hacer frente al cambio clim\u00e1tico sin abordar las causas fundamentales de la pobreza, la desigualdad y los patrones insostenibles de desarrollo\u201d.<\/p><p>Christiana Figueres - Representante de las Naciones Unidas<\/p><\/div><\/div><div class=\"col-md-5\"><div class=\"about-video\"><div class=\"over-info gallery\"><strong>C-INNOVA PERU<br \/><\/strong><\/div><p><img class=\"alignnone wp-image-1873\" src=\"https:\/\/cinnova.org\/es_PE\/wp-content\/uploads\/sites\/6\/2019\/07\/foto200712-300x161.jpg\" alt=\"\" width=\"393\" height=\"211\" \/><\/p><\/div><\/div><\/div><\/div><\/div><\/div><div class=\"fw-row\"><div class=\"fw-col-xs-12 fw-col-sm-12 fw-col-md-12 fw-col-lg-12 \"><div class=\"edugrade-courses courses-new\"><div class=\"row\"><div class=\"col-md-3 col-sm-6\"><div class=\"icon-box courses-box-1\"><h4>Capacitaciones y fortalecimeinto de capacidades<\/h4><p>C-innova a trav\u00e9s de su plataforma virtual hace posible la difusi\u00f3n de informaci\u00f3n y el conocimiento.<\/p><\/div><\/div><div class=\"col-md-3 col-sm-6\"><div class=\"icon-box courses-box-2\"><h4>Proyectos de desarrollo sotenibles<\/h4><p>Proyectos de desarrollo social, econ\u00f3mico y medioambiental.<\/p><\/div><\/div><div class=\"col-md-3 col-sm-6\"><div class=\"icon-box courses-box-3\"><h4>Investigaci\u00f3n para la innovaci\u00f3n<\/h4><p>Colabora con estudios de investigaci\u00f3n en diferentes \u00e1reas de estudio en colaboraci\u00f3n con el Instituto Internacional de Innovaci\u00f3n y Sostenibilidad.<\/p><\/div><\/div><div class=\"col-md-3 col-sm-6\"><div class=\"icon-box courses-box-4\"><h4>Consutorias publicas y privadas<\/h4><p>Brindado soluciones pr\u00e1cticas y adecuadas para el desarrollo social y econ\u00f3mico<\/p><p>&nbsp;<\/p><\/div><\/div><\/div><\/div><\/div><\/div><\/div><\/div><\/div><\/section><section class=\" gramotech-builder this-section-css-4 \"><div class=\"container\"><div class=\"row\"><div class=\"col-md-12 \"><div class=\"fw-row\"><div class=\"fw-col-xs-12 fw-col-sm-12 fw-col-md-12 fw-col-lg-12 \"><div class=\"about-principle\"><div class=\"row\"><div class=\"col-md-5 col-sm-4\"><img class=\"alignnone size-medium wp-image-1874\" src=\"https:\/\/cinnova.org\/es_PE\/wp-content\/uploads\/sites\/6\/2019\/07\/Erick-Werner-350x392-268x300.jpg\" alt=\"\" width=\"268\" height=\"300\" \/><\/div><div class=\"col-md-7 col-sm-8\"><div class=\"about-principle-text\"><span class=\"note\">Director y cordinador regional en el Per\u00fa<br \/><\/span><\/div><\/div><div><h6>Professor <span class=\"note\">Erick Werner Sanguinetti<\/span><\/h6><p><strong class=\"rank\">Director \u00a0Coordinador<\/strong><\/p><\/div><\/div><\/div><\/div><\/div><\/div><\/div><\/div><\/section><section class=\" gramotech-builder this-section-css-6 \"><div class=\"container\"><div class=\"row\"><div class=\"col-md-12 \"><div class=\"fw-row\"><div class=\"fw-col-xs-12 fw-col-sm-12 fw-col-md-12 fw-col-lg-12 \"><div class=\"fw-divider-space\" style=\"padding-top: 40px;\"><div class=\"fw-row\"><div class=\"fw-col-xs-12 fw-col-sm-12 fw-col-md-12 fw-col-lg-12 \"><h2 class=\"stitle heading-css-7\">RECURSOS DE DESARROLLO DE NUESTRO PROYECTO<\/h2><\/div><\/div><div class=\"fw-row\"><div class=\"fw-col-xs-12 fw-col-sm-12 fw-col-md-12 fw-col-lg-12 \"><div class=\"team-style-1 team-page\"><div class=\"row\"><div class=\"col-md-3 col-sm-6\"><div class=\"team-box\"><p><img class=\"alignnone size-medium wp-image-1915\" src=\"https:\/\/cinnova.org\/PERU\/wp-content\/uploads\/sites\/13\/2019\/07\/metodologia-263-x-330-239x300.jpg\" alt=\"\" width=\"239\" height=\"300\" \/><\/p><div class=\"team-cap\"><h5>METODOLOGIA DEL PROYECTO<\/h5><p><strong>INNOVACION<br \/><\/strong><\/p><ul class=\"team-social\"><li><\/li><li><\/li><li><\/li><li><\/li><\/ul><\/div><\/div><\/div><div class=\"col-md-3 col-sm-6\"><div class=\"team-box\"><p><img class=\"alignnone size-medium wp-image-1917\" src=\"https:\/\/cinnova.org\/PERU\/wp-content\/uploads\/sites\/13\/2019\/07\/politicas-263x330-239x300.jpg\" alt=\"\" width=\"239\" height=\"300\" \/><\/p><div class=\"team-cap\"><h5>POLITICAS INSTITUCIONALES<\/h5><p><strong>C-INNOVA<\/strong><\/p><ul class=\"team-social\"><li><\/li><li><\/li><li><\/li><li><\/li><\/ul><\/div><\/div><\/div><div class=\"col-md-3 col-sm-6\"><div class=\"team-box\"><p><img class=\"alignnone size-medium wp-image-1920\" src=\"https:\/\/cinnova.org\/PERU\/wp-content\/uploads\/sites\/13\/2019\/07\/aprendisaje-263-x-330-239x300.jpg\" alt=\"\" width=\"239\" height=\"300\" \/><\/p><div class=\"team-cap\"><h5>ERRAMIENTAS DE APRENDISAJE<\/h5><p><strong>ECAMPUS<\/strong><\/p><ul class=\"team-social\"><li><\/li><li><\/li><li><\/li><li><\/li><\/ul><\/div><\/div><\/div><div class=\"col-md-3 col-sm-6\"><div class=\"team-box\"><p><img class=\"alignnone size-medium wp-image-1922\" src=\"https:\/\/cinnova.org\/PERU\/wp-content\/uploads\/sites\/13\/2019\/07\/planes-263-x330-239x300.jpg\" alt=\"\" width=\"239\" height=\"300\" \/><\/p><div class=\"team-cap\"><h5>PLANES Y PROGRAMAS<\/h5><p><strong>ACADEMICOS<\/strong><\/p><ul class=\"team-social\"><li><\/li><li><\/li><li><\/li><li><\/li><\/ul><\/div><\/div><\/div><\/div><\/div><\/div><\/div><div class=\"fw-row\"><div class=\"fw-col-xs-12 fw-col-sm-12 fw-col-md-12 fw-col-lg-12 \"><div class=\"fw-divider-space\"><\/div><\/div><\/div><\/div><\/div><\/div><\/div><\/div><\/div><\/section><p><!-- d2e7d456e7ecae09200f74772d00ea4b --><\/p><\/div>\n<\/div>\n\n<div class=\"fw-row\">\n\t<div class=\"fw-col-xs-12 fw-col-sm-12 fw-col-md-12 fw-col-lg-12   \">\n\t\t\t\r\n\t\t<div class=\"history-vision\">\r\n\t\t\t<div class=\"title3\">\r\n\t\t\t\t<h2>Misi\u00f3n<\/h2>\r\n\t\t\t<\/div>\r\n\t\t\t<div class=\"row\">\r\n\t\t\t   <div class=\"history-tabs\">\r\n\t\t\t\t\t<div class=\"col-md-4\">\r\n\t\t\t\t\t\t<ul class=\"tab-nav\" role=\"tablist\">\r\n\t\t\t\t\t\t\t\t\t\t\t\t\t\t\t<li role=\"presentation\" class=\"active\">\r\n\t\t\t\t\t\t\t\t\t<a href=\"#tab1\" aria-controls=\"tab1\" role=\"tab\" data-toggle=\"tab\">MISI\u00d3N<\/a>\r\n\t\t\t\t\t\t\t\t<\/li>\r\n\t\t\t\t\t\t\t\t\t\t\t\t\t\t\t\t<li role=\"presentation\" class=\"\">\r\n\t\t\t\t\t\t\t\t\t<a href=\"#tab2\" aria-controls=\"tab2\" role=\"tab\" data-toggle=\"tab\">VISI\u00d3N<\/a>\r\n\t\t\t\t\t\t\t\t<\/li>\r\n\t\t\t\t\t\t\t\t\t\t\t\t\t\t\t\t<li role=\"presentation\" class=\"\">\r\n\t\t\t\t\t\t\t\t\t<a href=\"#tab3\" aria-controls=\"tab3\" role=\"tab\" data-toggle=\"tab\">VALORES<\/a>\r\n\t\t\t\t\t\t\t\t<\/li>\r\n\t\t\t\t\t\t\t\t\t\t\t\t\t\t\t\t<li role=\"presentation\" class=\"\">\r\n\t\t\t\t\t\t\t\t\t<a href=\"#tab4\" aria-controls=\"tab4\" role=\"tab\" data-toggle=\"tab\">ACREDITACI\u00d3N  <\/a>\r\n\t\t\t\t\t\t\t\t<\/li>\r\n\t\t\t\t\t\t\t\t\t\t\t\t\t\t<\/ul>\r\n\t\t\t\t\t\t<div class=\"help-banner\">\r\n\t\t\t\t\t\t\t<h4>Numero de Contacto<\/h4>\r\n\t\t\t\t\t\t\t<strong> <i class=\"fas fa-phone-square\"><\/i> +51 988041893<\/strong> \r\n\t\t\t\t\t\t<\/div>\r\n\t\t\t\t\t<\/div>\r\n\t\t\t\t\t<div class=\"col-md-8\">\r\n\t\t\t\t\t\t<div class=\"tab-content\">\r\n\t\t\t\t\t\t\t\t\t\t\t\t\t\t\t<div role=\"tabpanel\" class=\"tab-pane active\" id=\"tab1\">\r\n\t\t\t\t\t\t\t\t   <h4>MISI\u00d3N<\/h4>\r\n\t\t\t\t\t\t\t\t   MISI\u00d3N\r\nPromover la investigaci\u00f3n en nuevas tecnolog\u00edas y buenas pr\u00e1cticas en desarrollo sostenible y protecci\u00f3n del medio ambiente, facilitando la difusi\u00f3n del conocimiento, para el fortalecimiento de capacidades personales e institucionales y  mejorar las condiciones de vida de las comunidades en v\u00edas de desarrollo, tanto a nivel nacional como internacional, a trav\u00e9s de programas y proyectos basados en la solidaridad, la organizaci\u00f3n activa de las  personas, con especial atenci\u00f3n a los j\u00f3venes, las ni\u00f1as y los ni\u00f1os.\r\n\t\t\t\t\t\t\t\t<\/div>\r\n\t\t\t\t\t\t\t\t\t\t\t\t\t\t\t\t<div role=\"tabpanel\" class=\"tab-pane \" id=\"tab2\">\r\n\t\t\t\t\t\t\t\t   <h4>VISI\u00d3N<\/h4>\r\n\t\t\t\t\t\t\t\t   \u2022\tMejorar las condiciones de vida de las comunidades m\u00e1s desfavorecidas del Planeta y facilitar su progreso econ\u00f3mico y social.\r\nLograr sociedades responsables con el medio ambiente y auto sostenibles.\r\neducir la generaci\u00f3n de contaminaci\u00f3n, alcanzando una econom\u00eda circular.\r\n\t\t\t\t\t\t\t\t<\/div>\r\n\t\t\t\t\t\t\t\t\t\t\t\t\t\t\t\t<div role=\"tabpanel\" class=\"tab-pane \" id=\"tab3\">\r\n\t\t\t\t\t\t\t\t   <h4>VALORES<\/h4>\r\n\t\t\t\t\t\t\t\t   \u2022\tSolidaridad\r\n\u2022\tSostenibilidad\r\n\u2022\tConciencia medioambiental\r\n\u2022\tTransparencia\r\n\u2022\tPersistencia\r\n\u2022\tOrientaci\u00f3n a las personas\r\n\u2022\tProfesionalidad\r\n\u2022\tEducaci\u00f3n \r\n\t\t\t\t\t\t\t\t<\/div>\r\n\t\t\t\t\t\t\t\t\t\t\t\t\t\t\t\t<div role=\"tabpanel\" class=\"tab-pane \" id=\"tab4\">\r\n\t\t\t\t\t\t\t\t   <h4>ACREDITACI\u00d3N  <\/h4>\r\n\t\t\t\t\t\t\t\t   El Centro de Innovaci\u00f3n para la innovaci\u00f3n y sostenibilidad  \u201cC-INNOVA\u201d es una organizaci\u00f3n al servicio de  la comunidad, inscrita en el registro p\u00fablico como Asociaci\u00f3n sin fines de lucro. \r\nEl centro de Innovaci\u00f3n para la innovaci\u00f3n y sostenibilidad  forma parte de la red internacional C-Innova \u201cCentre for innovation and sustainable development\u201d.\r\nLa red C-innova incluye representaci\u00f3n en varios pa\u00edses para compartir experiencias y facilitar la difusi\u00f3n del conocimiento.\r\n\t\t\t\t\t\t\t\t<\/div>\r\n\t\t\t\t\t\t\t\t\t\t\t\t\t\t<\/div>\r\n\t\t\t\t\t<\/div>\r\n\t\t\t\t<\/div>\r\n\t\t\t<\/div>\r\n\t\t<\/div>\r\n\t\t\t<\/div>\n<\/div>\n\n<div class=\"fw-row\">\n\t<div class=\"fw-col-xs-12 fw-col-sm-12 fw-col-md-12 fw-col-lg-12   \">\n\t\n\t<div class=\"fw-divider-space\" style=\"padding-top: 90px;\"><\/div>\n<\/div>\n<\/div>\n\n\t\t\t\t<\/div>\r\n\t\t\t\t\t\t\t<\/div>\r\n\t\t<\/div>\t\r\n\t<\/section>\n","protected":false},"excerpt":{"rendered":"<p>\u201cC-Innova Per\u00fa&#8221;El CENTRO PARA LA\u00a0 INNOVACION Y SOSTENIBILIDADEl Centro de Innovaci\u00f3n Y Sustantividad \u00a0\u201cCINNOVA\u201d es una organizaci\u00f3n privada sin fines de lucro de alcance global fundada en el a\u00f1o 2018 con el objetivo de promover la sostenibilidad de la vida humana y la protecci\u00f3n de nuestro medio ambiente, mediante el trabajo voluntario de expertos, que &hellip; <\/p>\n","protected":false},"author":1,"featured_media":0,"parent":0,"menu_order":0,"comment_status":"closed","ping_status":"closed","template":"","meta":[],"_links":{"self":[{"href":"https:\/\/cinnova.org\/PERU\/wp-json\/wp\/v2\/pages\/144"}],"collection":[{"href":"https:\/\/cinnova.org\/PERU\/wp-json\/wp\/v2\/pages"}],"about":[{"href":"https:\/\/cinnova.org\/PERU\/wp-json\/wp\/v2\/types\/page"}],"author":[{"embeddable":true,"href":"https:\/\/cinnova.org\/PERU\/wp-json\/wp\/v2\/users\/1"}],"replies":[{"embeddable":true,"href":"https:\/\/cinnova.org\/PERU\/wp-json\/wp\/v2\/comments?post=144"}],"version-history":[{"count":79,"href":"https:\/\/cinnova.org\/PERU\/wp-json\/wp\/v2\/pages\/144\/revisions"}],"predecessor-version":[{"id":1927,"href":"https:\/\/cinnova.org\/PERU\/wp-json\/wp\/v2\/pages\/144\/revisions\/1927"}],"wp:attachment":[{"href":"https:\/\/cinnova.org\/PERU\/wp-json\/wp\/v2\/media?parent=144"}],"curies":[{"name":"wp","href":"https:\/\/api.w.org\/{rel}","templated":true}]}}